{"id":249,"date":"2023-06-07T12:10:42","date_gmt":"2023-06-07T12:10:42","guid":{"rendered":"http:\/\/asgasa.com\/?page_id=249"},"modified":"2025-02-25T16:31:06","modified_gmt":"2025-02-25T16:31:06","slug":"accesibilidad","status":"publish","type":"page","link":"https:\/\/asgasa.com\/en\/accesibilidad\/","title":{"rendered":"Accesibilidad"},"content":{"rendered":"\n[et_pb_section][et_pb_row][et_pb_column type=\u00bb4_4&#8243;][et_pb_text]<!-- divi:paragraph -->\n<p><\/p>\n<!-- \/divi:paragraph -->[\/et_pb_text][\/et_pb_column][\/et_pb_row][\/et_pb_section]\n","protected":false},"excerpt":{"rendered":"<p><div class=\"et_pb_section et_pb_section_0 et_section_regular\" >\n\t\t\t\t\n\t\t\t\t\n\t\t\t\t\n\t\t\t\t\n\t\t\t\t\n\t\t\t\t\n\t\t\t\t\n\t\t\t\t\n\t\t\t\t\n\t\t\t<\/div><div class=\"et_pb_row et_pb_row_0 et_pb_row_empty\">\n\t\t\t\t\n\t\t\t\t\n\t\t\t\t\n\t\t\t\t\n\t\t\t\t\n\t\t\t<\/div><div class=\"et_pb_module et_pb_text et_pb_text_0  et_pb_text_align_left et_pb_bg_layout_light\">\n\t\t\t\t\n\t\t\t\t\n\t\t\t\t\n\t\t\t\t\n\t\t\t\t\n\t\t\t<\/div><\/p>","protected":false},"author":1,"featured_media":0,"parent":0,"menu_order":0,"comment_status":"closed","ping_status":"closed","template":"","meta":{"_et_pb_use_builder":"on","_et_pb_old_content":"[et_pb_section fb_built=\"1\" _builder_version=\"4.19.5\" _module_preset=\"default\" custom_padding=\"||162px|||\" global_colors_info=\"{}\" theme_builder_area=\"post_content\"][et_pb_row _builder_version=\"4.19.5\" _module_preset=\"default\" global_colors_info=\"{}\" theme_builder_area=\"post_content\"][et_pb_column type=\"4_4\" _builder_version=\"4.19.5\" _module_preset=\"default\" global_colors_info=\"{}\" theme_builder_area=\"post_content\"][et_pb_text _builder_version=\"4.19.5\" _module_preset=\"440f0fa4-46d3-4fbe-8aad-d1fd7fda3464\" text_font=\"|800|||||||\" text_font_size=\"39px\" text_font_size_tablet=\"39px\" text_font_size_phone=\"39px\" text_font_size_last_edited=\"on|desktop\" global_colors_info=\"{}\" theme_builder_area=\"post_content\"]<p>ACCESIBILIDAD<\/p>[\/et_pb_text][et_pb_text _builder_version=\"4.21.0\" _module_preset=\"440f0fa4-46d3-4fbe-8aad-d1fd7fda3464\" text_font=\"|600|||||||\" text_font_size=\"18px\" hover_enabled=\"0\" text_font_size_tablet=\"18px\" text_font_size_phone=\"18px\" text_font_size_last_edited=\"on|desktop\" global_colors_info=\"{}\" theme_builder_area=\"post_content\" sticky_enabled=\"0\"]<p>Despu\u00e9s de llevar a cabo un an\u00e1lisis exhaustivo de la web <a href=\"http:\/\/www.3diguanavap.com\">www.asgasa.com<\/a> se ha comprobado que cumple con las normativas de accesibilidad establecidas por el World Wide Web Consortium (W3C) en el nivel WCAG 2.1 AA. Esto significa que la p\u00e1gina web ha sido dise\u00f1ada y desarrollada de manera tal que permite a las personas con discapacidad tener un acceso igualitario y sin obst\u00e1culos a su contenido y funcionalidad.<\/p>\n<p>Se han evaluado todos los criterios de accesibilidad esenciales, incluyendo pero no limitados a: el contenido en texto alternativo para im\u00e1genes, la navegaci\u00f3n con teclado, la estructura y organizaci\u00f3n del contenido, la comprensi\u00f3n de la p\u00e1gina, la compatibilidad con tecnolog\u00edas de asistencia, y la compatibilidad con diferentes tipos de discapacidad, entre otros.<\/p>\n<p>Es importante destacar que el cumplimiento con las normativas de accesibilidad no solo mejora la experiencia de los usuarios con discapacidad, sino que tambi\u00e9n contribuye a mejorar la accesibilidad y usabilidad de la p\u00e1gina para todos los usuarios.<\/p>\n<p>En resumen, se puede afirmar con seguridad que la p\u00e1gina web en cuesti\u00f3n cumple con los est\u00e1ndares de accesibilidad de WCAG 2.1 AA y est\u00e1 en l\u00ednea con las mejores pr\u00e1cticas en materia de accesibilidad\u00a0web.<\/p>[\/et_pb_text][\/et_pb_column][\/et_pb_row][\/et_pb_section]","_et_gb_content_width":"","_monsterinsights_skip_tracking":false,"_monsterinsights_sitenote_active":false,"_monsterinsights_sitenote_note":"","_monsterinsights_sitenote_category":0,"footnotes":""},"class_list":["post-249","page","type-page","status-publish","hentry"],"yoast_head":"<!-- This site is optimized with the Yoast SEO plugin v27.4 - https:\/\/yoast.com\/product\/yoast-seo-wordpress\/ -->\n<title>Accesibilidad - Asgasa<\/title>\n<meta name=\"robots\" content=\"index, follow, max-snippet:-1, max-image-preview:large, max-video-preview:-1\" \/>\n<link rel=\"canonical\" href=\"https:\/\/asgasa.com\/en\/accesibilidad\/\" \/>\n<meta property=\"og:locale\" content=\"en_US\" \/>\n<meta property=\"og:type\" content=\"article\" \/>\n<meta property=\"og:title\" content=\"Accesibilidad - Asgasa\" \/>\n<meta property=\"og:url\" content=\"https:\/\/asgasa.com\/en\/accesibilidad\/\" \/>\n<meta property=\"og:site_name\" content=\"Asgasa\" \/>\n<meta property=\"article:modified_time\" content=\"2025-02-25T16:31:06+00:00\" \/>\n<meta name=\"twitter:card\" content=\"summary_large_image\" \/>\n<meta name=\"twitter:description\" content=\"[et_pb_section][et_pb_row][et_pb_text]\" \/>\n<meta name=\"twitter:label1\" content=\"Est. reading time\" \/>\n\t<meta name=\"twitter:data1\" content=\"2 minutes\" \/>\n<script type=\"application\/ld+json\" class=\"yoast-schema-graph\">{\"@context\":\"https:\\\/\\\/schema.org\",\"@graph\":[{\"@type\":\"WebPage\",\"@id\":\"https:\\\/\\\/asgasa.com\\\/accesibilidad\\\/\",\"url\":\"https:\\\/\\\/asgasa.com\\\/accesibilidad\\\/\",\"name\":\"Accesibilidad - Asgasa\",\"isPartOf\":{\"@id\":\"https:\\\/\\\/asgasa.com\\\/#website\"},\"datePublished\":\"2023-06-07T12:10:42+00:00\",\"dateModified\":\"2025-02-25T16:31:06+00:00\",\"breadcrumb\":{\"@id\":\"https:\\\/\\\/asgasa.com\\\/accesibilidad\\\/#breadcrumb\"},\"inLanguage\":\"en-US\",\"potentialAction\":[{\"@type\":\"ReadAction\",\"target\":[\"https:\\\/\\\/asgasa.com\\\/accesibilidad\\\/\"]}]},{\"@type\":\"BreadcrumbList\",\"@id\":\"https:\\\/\\\/asgasa.com\\\/accesibilidad\\\/#breadcrumb\",\"itemListElement\":[{\"@type\":\"ListItem\",\"position\":1,\"name\":\"Portada\",\"item\":\"https:\\\/\\\/asgasa.com\\\/\"},{\"@type\":\"ListItem\",\"position\":2,\"name\":\"Accesibilidad\"}]},{\"@type\":\"WebSite\",\"@id\":\"https:\\\/\\\/asgasa.com\\\/#website\",\"url\":\"https:\\\/\\\/asgasa.com\\\/\",\"name\":\"Asgasa\",\"description\":\"Madrid\",\"potentialAction\":[{\"@type\":\"SearchAction\",\"target\":{\"@type\":\"EntryPoint\",\"urlTemplate\":\"https:\\\/\\\/asgasa.com\\\/?s={search_term_string}\"},\"query-input\":{\"@type\":\"PropertyValueSpecification\",\"valueRequired\":true,\"valueName\":\"search_term_string\"}}],\"inLanguage\":\"en-US\"}]}<\/script>\n<!-- \/ Yoast SEO plugin. -->","yoast_head_json":{"title":"Accesibilidad - Asgasa","robots":{"index":"index","follow":"follow","max-snippet":"max-snippet:-1","max-image-preview":"max-image-preview:large","max-video-preview":"max-video-preview:-1"},"canonical":"https:\/\/asgasa.com\/en\/accesibilidad\/","og_locale":"en_US","og_type":"article","og_title":"Accesibilidad - Asgasa","og_url":"https:\/\/asgasa.com\/en\/accesibilidad\/","og_site_name":"Asgasa","article_modified_time":"2025-02-25T16:31:06+00:00","twitter_card":"summary_large_image","twitter_description":"[et_pb_section][et_pb_row][et_pb_text]","twitter_misc":{"Est. reading time":"2 minutes"},"schema":{"@context":"https:\/\/schema.org","@graph":[{"@type":"WebPage","@id":"https:\/\/asgasa.com\/accesibilidad\/","url":"https:\/\/asgasa.com\/accesibilidad\/","name":"Accesibilidad - Asgasa","isPartOf":{"@id":"https:\/\/asgasa.com\/#website"},"datePublished":"2023-06-07T12:10:42+00:00","dateModified":"2025-02-25T16:31:06+00:00","breadcrumb":{"@id":"https:\/\/asgasa.com\/accesibilidad\/#breadcrumb"},"inLanguage":"en-US","potentialAction":[{"@type":"ReadAction","target":["https:\/\/asgasa.com\/accesibilidad\/"]}]},{"@type":"BreadcrumbList","@id":"https:\/\/asgasa.com\/accesibilidad\/#breadcrumb","itemListElement":[{"@type":"ListItem","position":1,"name":"Portada","item":"https:\/\/asgasa.com\/"},{"@type":"ListItem","position":2,"name":"Accesibilidad"}]},{"@type":"WebSite","@id":"https:\/\/asgasa.com\/#website","url":"https:\/\/asgasa.com\/","name":"Asgasa","description":"Madrid","potentialAction":[{"@type":"SearchAction","target":{"@type":"EntryPoint","urlTemplate":"https:\/\/asgasa.com\/?s={search_term_string}"},"query-input":{"@type":"PropertyValueSpecification","valueRequired":true,"valueName":"search_term_string"}}],"inLanguage":"en-US"}]}},"_links":{"self":[{"href":"https:\/\/asgasa.com\/en\/wp-json\/wp\/v2\/pages\/249","targetHints":{"allow":["GET"]}}],"collection":[{"href":"https:\/\/asgasa.com\/en\/wp-json\/wp\/v2\/pages"}],"about":[{"href":"https:\/\/asgasa.com\/en\/wp-json\/wp\/v2\/types\/page"}],"author":[{"embeddable":true,"href":"https:\/\/asgasa.com\/en\/wp-json\/wp\/v2\/users\/1"}],"replies":[{"embeddable":true,"href":"https:\/\/asgasa.com\/en\/wp-json\/wp\/v2\/comments?post=249"}],"version-history":[{"count":9,"href":"https:\/\/asgasa.com\/en\/wp-json\/wp\/v2\/pages\/249\/revisions"}],"predecessor-version":[{"id":427,"href":"https:\/\/asgasa.com\/en\/wp-json\/wp\/v2\/pages\/249\/revisions\/427"}],"wp:attachment":[{"href":"https:\/\/asgasa.com\/en\/wp-json\/wp\/v2\/media?parent=249"}],"curies":[{"name":"wp","href":"https:\/\/api.w.org\/{rel}","templated":true}]}}